{"id":175,"date":"2020-09-10T05:02:19","date_gmt":"2020-09-10T05:02:19","guid":{"rendered":"http:\/\/katavic.eu\/?page_id=175"},"modified":"2020-09-10T05:02:19","modified_gmt":"2020-09-10T05:02:19","slug":"luftfahrt","status":"publish","type":"page","link":"http:\/\/katavic.eu\/index.php\/luftfahrt\/","title":{"rendered":"LUFTFAHRT"},"content":{"rendered":"\n<div class=\"wp-block-group\"><div class=\"wp-block-group__inner-container is-layout-flow\">\n<p>Entwicklung, Konstruktion,Modifikation, Zeichnungserstellung<\/p>\n\n\n\n<p>Flugzeug Strukturbauteile<\/p>\n\n\n\n<p>-Integration, Spezifikation und Konstruktion des &#8220;Cabin Interior&#8221;\/ Passagier- und Ger\u00e4ter\u00e4umen, Waschr\u00e4umen und T\u00fcrverkleidungen.<\/p>\n\n\n\n<p>-Einbauuntersuchungen und der Integration von Baugruppen wie&nbsp; Sauerstoffzuf\u00fchrungen, G\u00e4packablagen und Komfortsitzstrukturen<\/p>\n\n\n\n<p>Montagelinien und Wartungseinrichtungen<\/p>\n\n\n\n<p>-L\u00f6sungen f\u00fcr Flugzeugwartung und \u2013herstellung, Montagegestelle,Aufnahmevorrichtungen, Equipment zum Verfahren und Positionieren<\/p>\n\n\n\n<p>Software: CATIA V5<\/p>\n<\/div><\/div>\n\n\n\n<p><\/p>\n","protected":false},"excerpt":{"rendered":"<p>Entwicklung, Konstruktion,Modifikation, Zeichnungserstellung Flugzeug Strukturbauteile -Integration, Spezifikation und Konstruktion des &#8220;Cabin Interior&#8221;\/ Passagier- und Ger\u00e4ter\u00e4umen, Waschr\u00e4umen und T\u00fcrverkleidungen. -Einbauuntersuchungen und der Integration von Baugruppen wie&nbsp; Sauerstoffzuf\u00fchrungen, G\u00e4packablagen und Komfortsitzstrukturen Montagelinien und Wartungseinrichtungen -L\u00f6sungen f\u00fcr Flugzeugwartung und \u2013herstellung, Montagegestelle,Aufnahmevorrichtungen, Equipment zum Verfahren und Positionieren Software: CATIA V5<\/p>\n","protected":false},"author":1,"featured_media":150,"parent":0,"menu_order":0,"comment_status":"closed","ping_status":"closed","template":"","meta":[],"_links":{"self":[{"href":"http:\/\/katavic.eu\/index.php\/wp-json\/wp\/v2\/pages\/175"}],"collection":[{"href":"http:\/\/katavic.eu\/index.php\/wp-json\/wp\/v2\/pages"}],"about":[{"href":"http:\/\/katavic.eu\/index.php\/wp-json\/wp\/v2\/types\/page"}],"author":[{"embeddable":true,"href":"http:\/\/katavic.eu\/index.php\/wp-json\/wp\/v2\/users\/1"}],"replies":[{"embeddable":true,"href":"http:\/\/katavic.eu\/index.php\/wp-json\/wp\/v2\/comments?post=175"}],"version-history":[{"count":0,"href":"http:\/\/katavic.eu\/index.php\/wp-json\/wp\/v2\/pages\/175\/revisions"}],"wp:featuredmedia":[{"embeddable":true,"href":"http:\/\/katavic.eu\/index.php\/wp-json\/"}],"wp:attachment":[{"href":"http:\/\/katavic.eu\/index.php\/wp-json\/wp\/v2\/media?parent=175"}],"curies":[{"name":"wp","href":"https:\/\/api.w.org\/{rel}","templated":true}]}}